{"id":2216,"date":"2025-05-07T09:51:40","date_gmt":"2025-05-07T09:51:40","guid":{"rendered":"https:\/\/www.pulse-pro.app\/?page_id=2216"},"modified":"2025-05-12T07:22:08","modified_gmt":"2025-05-12T07:22:08","slug":"politique-de-cookies","status":"publish","type":"page","link":"https:\/\/www.pulse-pro.app\/fr\/politique-de-cookies\/","title":{"rendered":"Politique de Cookies"},"content":{"rendered":"<div data-elementor-type=\"wp-page\" data-elementor-id=\"2216\" class=\"elementor elementor-2216\" data-elementor-post-type=\"page\">\n\t\t\t\t<div class=\"elementor-element elementor-element-c345135 e-flex e-con-boxed e-con e-parent\" data-id=\"c345135\" data-element_type=\"container\" data-e-type=\"container\">\n\t\t\t\t\t<div class=\"e-con-inner\">\n\t\t\t\t<div class=\"elementor-element elementor-element-c75cacd elementor-widget elementor-widget-heading\" data-id=\"c75cacd\" data-element_type=\"widget\" data-e-type=\"widget\" data-widget_type=\"heading.default\">\n\t\t\t\t<div class=\"elementor-widget-container\">\n\t\t\t\t\t<h2 class=\"elementor-heading-title elementor-size-default\">Politique de Cookies<\/h2>\t\t\t\t<\/div>\n\t\t\t\t<\/div>\n\t\t\t\t<div class=\"elementor-element elementor-element-6a23f71 elementor-widget elementor-widget-text-editor\" data-id=\"6a23f71\" data-element_type=\"widget\" data-e-type=\"widget\" data-widget_type=\"text-editor.default\">\n\t\t\t\t<div class=\"elementor-widget-container\">\n\t\t\t\t\t\t\t\t\t<p><strong><span class=\"selected\">Date d&#8217;entr\u00e9e en vigueur : 7 mai 2025<\/span><\/strong><\/p><p><span class=\"selected\">La pr\u00e9sente Politique de Cookies explique comment PULSE, ci-apr\u00e8s &#8220;PULSE&#8221;, &#8220;Nous&#8221;, &#8220;Notre&#8221; ou &#8220;Nos&#8221;) utilise les cookies et technologies similaires pour vous reconna\u00eetre lorsque vous visitez notre site web et utilisez notre application PULSE (collectivement, nos &#8220;Services&#8221;). Elle explique ce que sont ces technologies et pourquoi nous les utilisons, ainsi que vos droits de contr\u00f4ler notre utilisation de celles-ci.<\/span><\/p><h3><span class=\"selected\">1. Qu&#8217;est-ce qu&#8217;un cookie ?<\/span><\/h3><p><span class=\"selected\">Un cookie est un petit fichier de donn\u00e9es plac\u00e9 sur votre ordinateur ou appareil mobile lorsque vous visitez un site web ou utilisez une application. Les cookies sont largement utilis\u00e9s par les propri\u00e9taires de sites web et d&#8217;applications afin de faire fonctionner leurs services, ou de travailler plus efficacement, ainsi que pour fournir des informations de reporting.<\/span><\/p><p><span class=\"selected\">Les cookies d\u00e9finis par le propri\u00e9taire du site web\/application (dans ce cas, PULSE) sont appel\u00e9s &#8220;cookies propri\u00e9taires&#8221; (ou &#8220;first-party cookies&#8221;). Les cookies d\u00e9finis par des parties autres que le propri\u00e9taire du site web\/application sont appel\u00e9s &#8220;cookies tiers&#8221; (ou &#8220;third-party cookies&#8221;). Les cookies tiers permettent de fournir des fonctionnalit\u00e9s ou des fonctionnalit\u00e9s tierces sur ou via le service (par exemple, publicit\u00e9, contenu interactif et analyses). Les parties qui d\u00e9finissent ces cookies tiers peuvent reconna\u00eetre votre ordinateur \u00e0 la fois lorsqu&#8217;il visite le site web\/application en question et \u00e9galement lorsqu&#8217;il visite certains autres sites web.<\/span><\/p><h3><span class=\"selected\">2. Pourquoi utilisons-nous des cookies ?<\/span><\/h3><p><span class=\"selected\">Nous utilisons des cookies propri\u00e9taires et tiers pour plusieurs raisons. Certains cookies sont n\u00e9cessaires pour des raisons techniques afin que nos Services fonctionnent, et nous les appelons cookies &#8220;essentiels&#8221; ou &#8220;strictement n\u00e9cessaires&#8221;. D&#8217;autres cookies nous permettent \u00e9galement de suivre et de cibler les int\u00e9r\u00eats de nos utilisateurs pour am\u00e9liorer l&#8217;exp\u00e9rience sur nos Services. Des tiers servent des cookies via nos Services \u00e0 des fins d&#8217;analyse et \u00e0 d&#8217;autres fins. Ceci est d\u00e9crit plus en d\u00e9tail ci-dessous.<\/span><\/p><h3><span class=\"selected\">3. Quels types de cookies utilisons-nous et comment les utilisons-nous ?<\/span><\/h3><p><span class=\"selected\">Les types sp\u00e9cifiques de cookies propri\u00e9taires et tiers servis via nos Services et les objectifs qu&#8217;ils remplissent sont d\u00e9crits ci-dessous :<\/span><\/p><ul><li><p><strong><span class=\"selected\">Cookies Essentiels (Strictement N\u00e9cessaires) :<\/span><\/strong><\/p><ul><li><p><span class=\"selected\">Ces cookies sont indispensables pour vous fournir les services disponibles via notre application PULSE et pour utiliser certaines de ses fonctionnalit\u00e9s, telles que l&#8217;acc\u00e8s \u00e0 des zones s\u00e9curis\u00e9es (par exemple, votre compte utilisateur) et la gestion de votre session.<\/span><\/p><\/li><li><p><span class=\"selected\">Parce que ces cookies sont strictement n\u00e9cessaires pour vous livrer les Services, vous ne pouvez pas les refuser sans impacter la mani\u00e8re dont nos Services fonctionnent. Vous pouvez les bloquer ou les supprimer en modifiant les param\u00e8tres de votre navigateur, comme d\u00e9crit ci-dessous dans la section &#8220;Comment puis-je contr\u00f4ler les cookies ?&#8221;.<\/span><\/p><\/li><\/ul><\/li><li><p><strong><span class=\"selected\">Cookies de Performance et d&#8217;Analyse :<\/span><\/strong><\/p><ul><li><p><span class=\"selected\">Ces cookies collectent des informations qui sont utilis\u00e9es soit sous forme agr\u00e9g\u00e9e pour nous aider \u00e0 comprendre comment nos Services sont utilis\u00e9s ou quelle est l&#8217;efficacit\u00e9 de nos campagnes marketing, soit pour nous aider \u00e0 personnaliser nos Services pour vous.<\/span><\/p><\/li><li><p><span class=\"selected\">Par exemple, ils nous aident \u00e0 comprendre le nombre de visiteurs, quelles sont les pages les plus populaires et comment les utilisateurs naviguent sur PULSE. Ces informations sont g\u00e9n\u00e9ralement anonymis\u00e9es et utilis\u00e9es pour am\u00e9liorer le fonctionnement de nos Services.<\/span><\/p><\/li><li><p><span class=\"selected\">Nous pouvons utiliser des outils d&#8217;analyse tiers (par exemple, Google Analytics) qui utilisent leurs propres cookies pour collecter ces informations.<\/span><\/p><\/li><\/ul><\/li><li><p><strong><span class=\"selected\">Cookies de Fonctionnalit\u00e9 :<\/span><\/strong><\/p><ul><li><p><span class=\"selected\">Ces cookies sont utilis\u00e9s pour reconna\u00eetre vos pr\u00e9f\u00e9rences lorsque vous revenez sur nos Services. Ils nous permettent de m\u00e9moriser vos choix (comme votre nom d&#8217;utilisateur, votre langue ou la r\u00e9gion dans laquelle vous vous trouvez) et de fournir des fonctionnalit\u00e9s am\u00e9lior\u00e9es et plus personnelles.<\/span><\/p><\/li><li><p><span class=\"selected\">Par exemple, ces cookies peuvent \u00eatre utilis\u00e9s pour m\u00e9moriser les modifications que vous avez apport\u00e9es \u00e0 la taille du texte, aux polices et \u00e0 d&#8217;autres parties des pages web que vous pouvez personnaliser.<\/span><\/p><\/li><li><p><span class=\"selected\">Les informations que ces cookies collectent peuvent \u00eatre anonymis\u00e9es et ils ne peuvent pas suivre votre activit\u00e9 de navigation sur d&#8217;autres sites web.<\/span><\/p><\/li><\/ul><\/li><li><p><strong><span class=\"selected\">Cookies de Ciblage ou Publicitaires (le cas \u00e9ch\u00e9ant) :<\/span><\/strong><\/p><ul><li><p><span class=\"selected\">Actuellement, PULSE ne se concentre pas sur l&#8217;utilisation de cookies de ciblage ou publicitaires. Cependant, si nous devions les utiliser \u00e0 l&#8217;avenir, ces cookies seraient utilis\u00e9s pour rendre les messages publicitaires plus pertinents pour vous et vos int\u00e9r\u00eats. Ils remplissent \u00e9galement des fonctions telles que emp\u00eacher la m\u00eame publicit\u00e9 de r\u00e9appara\u00eetre continuellement, assurer que les publicit\u00e9s sont correctement affich\u00e9es pour les annonceurs, et dans certains cas, s\u00e9lectionner des publicit\u00e9s bas\u00e9es sur vos int\u00e9r\u00eats. Cette politique serait mise \u00e0 jour en cons\u00e9quence.<\/span><\/p><\/li><\/ul><\/li><\/ul><h3><span class=\"selected\">4. Cookies Tiers<\/span><\/h3><p><span class=\"selected\">Comme mentionn\u00e9, en plus de nos propres cookies, nous pouvons \u00e9galement utiliser divers cookies tiers. Par exemple, notre prestataire de services de paiement (par exemple, Stripe, comme mentionn\u00e9 dans nos CGV) peut utiliser des cookies pour traiter les paiements de mani\u00e8re s\u00e9curis\u00e9e. De m\u00eame, les outils d&#8217;analyse que nous utilisons peuvent d\u00e9poser leurs propres cookies.<\/span><\/p><p><span class=\"selected\">Nous ne contr\u00f4lons pas l&#8217;utilisation de ces cookies tiers et vous devriez consulter les politiques de confidentialit\u00e9 et de cookies des sites web tiers concern\u00e9s pour plus d&#8217;informations.<\/span><\/p><h3><span class=\"selected\">5. Comment puis-je contr\u00f4ler les cookies ?<\/span><\/h3><p><span class=\"selected\">Vous avez le droit de d\u00e9cider d&#8217;accepter ou de refuser les cookies.<\/span><\/p><ul><li><p><strong><span class=\"selected\">Param\u00e8tres du Navigateur :<\/span><\/strong><span class=\"selected\"> Vous pouvez configurer ou modifier les commandes de votre navigateur web pour accepter ou refuser les cookies. Si vous choisissez de refuser les cookies, vous pouvez toujours utiliser nos Services bien que votre acc\u00e8s \u00e0 certaines fonctionnalit\u00e9s et zones de nos Services puisse \u00eatre restreint. \u00c9tant donn\u00e9 que les moyens par lesquels vous pouvez refuser les cookies via les commandes de votre navigateur web varient d&#8217;un navigateur \u00e0 l&#8217;autre, vous devriez consulter le menu d&#8217;aide de votre navigateur pour plus d&#8217;informations.<\/span><\/p><\/li><li><p><span class=\"selected\">Voici des liens vers les pages d&#8217;aide des navigateurs les plus courants concernant la gestion des cookies :<\/span><\/p><ul><li><p><span class=\"selected\">Google Chrome: <\/span><a title=\"null\" href=\"https:\/\/support.google.com\/chrome\/answer\/95647\"><span class=\"selected\">https:\/\/support.google.com\/chrome\/answer\/95647<\/span><\/a><\/p><\/li><li><p><span class=\"selected\">Mozilla Firefox : <\/span><a title=\"null\" href=\"https:\/\/support.mozilla.org\/fr\/kb\/effacer-cookies-donnees-site-enregistrees-firefox\"><span class=\"selected\">https:\/\/support.mozilla.org\/fr\/kb\/effacer-cookies-donnees-site-enregistrees-firefox<\/span><\/a><\/p><\/li><li><p><span class=\"selected\">Microsoft Edge : <\/span><a title=\"null\" href=\"https:\/\/support.microsoft.com\/fr-fr\/microsoft-edge\/supprimer-les-cookies-dans-microsoft-edge-63947406-40ac-c3b8-57b9-2a946a29ae09\"><span class=\"selected\">https:\/\/support.microsoft.com\/fr-fr\/microsoft-edge\/supprimer-les-cookies-dans-microsoft-edge-63947406-40ac-c3b8-57b9-2a946a29ae09<\/span><\/a><\/p><\/li><li><p><span class=\"selected\">Safari (Desktop) : <\/span><a title=\"null\" href=\"https:\/\/support.apple.com\/fr-fr\/guide\/safari\/sfri11471\/mac\"><span class=\"selected\">https:\/\/support.apple.com\/fr-fr\/guide\/safari\/sfri11471\/mac<\/span><\/a><\/p><\/li><li><p><span class=\"selected\">Safari (Mobile) : <\/span><a title=\"null\" href=\"https:\/\/support.apple.com\/fr-fr\/HT201265\"><span class=\"selected\">https:\/\/support.apple.com\/fr-fr\/HT201265<\/span><\/a><\/p><\/li><li><p><span class=\"selected\">Opera : <\/span><a title=\"null\" href=\"https:\/\/help.opera.com\/en\/latest\/web-preferences\/#cookies\"><span class=\"selected\">https:\/\/help.opera.com\/en\/latest\/web-preferences\/#cookies<\/span><\/a><\/p><\/li><\/ul><\/li><li><p><strong><span class=\"selected\">Outils de Consentement aux Cookies (le cas \u00e9ch\u00e9ant) :<\/span><\/strong><span class=\"selected\"> Lorsque vous visitez nos Services pour la premi\u00e8re fois (ou apr\u00e8s avoir effac\u00e9 vos cookies), nous pouvons afficher un bandeau de consentement aux cookies qui vous permet de g\u00e9rer vos pr\u00e9f\u00e9rences.<\/span><\/p><\/li><li><p><strong><span class=\"selected\">D\u00e9sactivation des Cookies d&#8217;Analyse :<\/span><\/strong><span class=\"selected\"> Pour vous d\u00e9sinscrire du suivi par Google Analytics sur tous les sites web, visitez <\/span><a title=\"null\" href=\"http:\/\/tools.google.com\/dlpage\/gaoptout\"><span class=\"selected\">http:\/\/tools.google.com\/dlpage\/gaoptout<\/span><\/a><span class=\"selected\">.<\/span><\/p><\/li><\/ul><h3><span class=\"selected\">6. Qu&#8217;en est-il des autres technologies de suivi, comme les balises web ?<\/span><\/h3><p><span class=\"selected\">Les cookies ne sont pas le seul moyen de reconna\u00eetre ou de suivre les visiteurs d&#8217;un site web ou d&#8217;une application. Nous pouvons utiliser d&#8217;autres technologies similaires de temps \u00e0 autre, comme les balises web (parfois appel\u00e9es &#8220;pixels de suivi&#8221; ou &#8220;clear gifs&#8221;). Ce sont de minuscules fichiers graphiques qui contiennent un identifiant unique qui nous permet de reconna\u00eetre quand quelqu&#8217;un a visit\u00e9 nos Services ou ouvert un e-mail que nous leur avons envoy\u00e9. Cela nous permet, par exemple, de surveiller les mod\u00e8les de trafic des utilisateurs d&#8217;une page \u00e0 une autre au sein de nos Services, de livrer ou de communiquer avec les cookies, de comprendre si vous \u00eates venu sur nos Services \u00e0 partir d&#8217;une publicit\u00e9 en ligne affich\u00e9e sur un site web tiers, d&#8217;am\u00e9liorer les performances du site, et de mesurer le succ\u00e8s des campagnes de marketing par e-mail. Dans de nombreux cas, ces technologies d\u00e9pendent des cookies pour fonctionner correctement, et donc refuser les cookies entravera leur fonctionnement.<\/span><\/p><h3><span class=\"selected\">7. Mises \u00e0 jour de cette Politique de Cookies<\/span><\/h3><p><span class=\"selected\">Nous pouvons mettre \u00e0 jour cette Politique de Cookies de temps \u00e0 autre afin de refl\u00e9ter, par exemple, des changements dans les cookies que nous utilisons ou pour d&#8217;autres raisons op\u00e9rationnelles, l\u00e9gales ou r\u00e9glementaires. Veuillez donc consulter r\u00e9guli\u00e8rement cette Politique de Cookies pour rester inform\u00e9 de notre utilisation des cookies et des technologies associ\u00e9es.<\/span><\/p><p><span class=\"selected\">La date en haut de cette Politique de Cookies indique quand elle a \u00e9t\u00e9 mise \u00e0 jour pour la derni\u00e8re fois.<\/span><\/p><h3><span class=\"selected\">8. O\u00f9 puis-je obtenir plus d&#8217;informations ?<\/span><\/h3><p><span class=\"selected\">Si vous avez des questions concernant notre utilisation des cookies ou d&#8217;autres technologies, veuillez nous envoyer un e-mail \u00e0 : hello@pulse-pro.app<\/span><span class=\"selected\">.<\/span><\/p><p><span class=\"selected\">Vous pouvez \u00e9galement consulter notre <\/span><a title=\"null\" href=\"https:\/\/www.pulse-pro.app\/fr\/politique-de-confidentialite\/\"><span class=\"selected\">Politique de Confidentialit\u00e9<\/span><\/a><span class=\"selected\">\u00a0 pour plus d&#8217;informations sur la mani\u00e8re dont nous traitons les donn\u00e9es personnelles.<\/span><\/p><p><strong><span class=\"selected\">Coordonn\u00e9es de PULSE :<\/span><\/strong><\/p><p><span class=\"selected\"> Groupe Constellation<\/span><\/p><p><span class=\"selected\">6, rue d&#8217;ar\u00e7on, 21310 BELLENEUVE<\/span><\/p><p>hello@pulse-pro.app<\/p>\t\t\t\t\t\t\t\t<\/div>\n\t\t\t\t<\/div>\n\t\t\t\t\t<\/div>\n\t\t\t\t<\/div>\n\t\t\t\t<\/div>","protected":false},"excerpt":{"rendered":"<p>Politique de Cookies Date d&#8217;entr\u00e9e en vigueur : 7 mai 2025 La pr\u00e9sente Politique de Cookies explique comment PULSE, ci-apr\u00e8s &#8220;PULSE&#8221;, &#8220;Nous&#8221;, &#8220;Notre&#8221; ou &#8220;Nos&#8221;) utilise les cookies et technologies similaires pour vous reconna\u00eetre lorsque vous visitez notre site web et utilisez notre application PULSE (collectivement, nos &#8220;Services&#8221;). Elle explique ce que sont ces technologies [&hellip;]<\/p>\n","protected":false},"author":1,"featured_media":0,"parent":0,"menu_order":0,"comment_status":"closed","ping_status":"closed","template":"","meta":{"_seopress_robots_primary_cat":"","_seopress_titles_title":"","_seopress_titles_desc":"","_seopress_robots_index":"","footnotes":""},"class_list":["post-2216","page","type-page","status-publish","hentry"],"_links":{"self":[{"href":"https:\/\/www.pulse-pro.app\/fr\/wp-json\/wp\/v2\/pages\/2216","targetHints":{"allow":["GET"]}}],"collection":[{"href":"https:\/\/www.pulse-pro.app\/fr\/wp-json\/wp\/v2\/pages"}],"about":[{"href":"https:\/\/www.pulse-pro.app\/fr\/wp-json\/wp\/v2\/types\/page"}],"author":[{"embeddable":true,"href":"https:\/\/www.pulse-pro.app\/fr\/wp-json\/wp\/v2\/users\/1"}],"replies":[{"embeddable":true,"href":"https:\/\/www.pulse-pro.app\/fr\/wp-json\/wp\/v2\/comments?post=2216"}],"version-history":[{"count":25,"href":"https:\/\/www.pulse-pro.app\/fr\/wp-json\/wp\/v2\/pages\/2216\/revisions"}],"predecessor-version":[{"id":2954,"href":"https:\/\/www.pulse-pro.app\/fr\/wp-json\/wp\/v2\/pages\/2216\/revisions\/2954"}],"wp:attachment":[{"href":"https:\/\/www.pulse-pro.app\/fr\/wp-json\/wp\/v2\/media?parent=2216"}],"curies":[{"name":"wp","href":"https:\/\/api.w.org\/{rel}","templated":true}]}}